{"id":168,"date":"2026-02-24T17:24:05","date_gmt":"2026-02-24T20:24:05","guid":{"rendered":"https:\/\/kinginvestmentsglobal.us\/?page_id=168"},"modified":"2026-02-27T16:32:34","modified_gmt":"2026-02-27T19:32:34","slug":"about-us","status":"publish","type":"page","link":"https:\/\/kinginvestmentsglobal.us\/es\/about-us\/","title":{"rendered":"Acerca de nosotros"},"content":{"rendered":"<p class=\"has-text-align-center has-large-font-size\" style=\"padding-top:var(--wp--preset--spacing--70);padding-bottom:var(--wp--preset--spacing--70)\"><strong>Descripci\u00f3n general de la empresa<\/strong><\/p>\n\n\n\n<p>King Investments Global opera como una asesor\u00eda de estrategias de capital privado transfronterizo que presta servicios en el sur de Texas y la regi\u00f3n del Biob\u00edo en Chile. Los compromisos se estructuran en torno a una suscripci\u00f3n disciplinada, el conocimiento de las jurisdicciones y el posicionamiento bilateral de capital a largo plazo.<\/p>\n\n\n\n<p class=\"has-text-align-center has-large-font-size\"><strong>Orientaci\u00f3n estrat\u00e9gica<\/strong><\/p>\n\n\n\n<p>Los compromisos se llevan a cabo bajo un mandato que prioriza el capital y hace hincapi\u00e9 en la suscripci\u00f3n disciplinada, la claridad jurisdiccional y el posicionamiento bilateral a largo plazo.<\/p>\n\n\n\n<div class=\"wp-block-columns is-layout-flex wp-container-core-columns-is-layout-28f84493 wp-block-columns-is-layout-flex\">\n<div class=\"wp-block-column is-layout-flow wp-block-column-is-layout-flow\" style=\"flex-basis:66.66%\">\n<p style=\"font-size:18px\"><\/p>\n\n\n\n<p style=\"font-size:18px\"><\/p>\n<\/div>\n\n\n\n<div class=\"wp-block-column is-layout-flow wp-block-column-is-layout-flow\" style=\"flex-basis:33.33%\">\n<p><strong>\u00c1mbito operativo<\/strong><\/p>\n\n\n\n<p style=\"font-size:16px\">Mercados atendidos<br>\u2022 Sur de Texas<br>\u2022 Regi\u00f3n del Biob\u00edo, Chile<\/p>\n\n\n\n<p style=\"font-size:16px\">Enfoque de asesor\u00eda<br>\u2022 Estrategia de adquisici\u00f3n<br>\u2022 Valoraci\u00f3n y an\u00e1lisis de riesgos<br>\u2022 Estructuraci\u00f3n transfronteriza<\/p>\n<\/div>\n<\/div>","protected":false},"excerpt":{"rendered":"<p>Firm Overview King Investments Global operates as a cross-border private capital strategy advisory serving South Texas and the Biob\u00edo Region [&hellip;]<\/p>\n","protected":false},"author":1,"featured_media":0,"parent":0,"menu_order":0,"comment_status":"closed","ping_status":"closed","template":"","meta":{"site-sidebar-layout":"default","site-content-layout":"","ast-site-content-layout":"default","site-content-style":"default","site-sidebar-style":"default","ast-global-header-display":"","ast-banner-title-visibility":"","ast-main-header-display":"","ast-hfb-above-header-display":"","ast-hfb-below-header-display":"","ast-hfb-mobile-header-display":"","site-post-title":"disabled","ast-breadcrumbs-content":"","ast-featured-img":"","footer-sml-layout":"","ast-disable-related-posts":"","theme-transparent-header-meta":"","adv-header-id-meta":"","stick-header-meta":"","header-above-stick-meta":"","header-main-stick-meta":"","header-below-stick-meta":"","astra-migrate-meta-layouts":"default","ast-page-background-enabled":"default","ast-page-background-meta":{"desktop":{"background-color":"var(--ast-global-color-5)","background-image":"","background-repeat":"repeat","background-position":"center center","background-size":"auto","background-attachment":"scroll","background-type":"","background-media":"","overlay-type":"","overlay-color":"","overlay-opacity":"","overlay-gradient":""},"tablet":{"background-color":"","background-image":"","background-repeat":"repeat","background-position":"center center","background-size":"auto","background-attachment":"scroll","background-type":"","background-media":"","overlay-type":"","overlay-color":"","overlay-opacity":"","overlay-gradient":""},"mobile":{"background-color":"","background-image":"","background-repeat":"repeat","background-position":"center center","background-size":"auto","background-attachment":"scroll","background-type":"","background-media":"","overlay-type":"","overlay-color":"","overlay-opacity":"","overlay-gradient":""}},"ast-content-background-meta":{"desktop":{"background-color":"var(--ast-global-color-4)","background-image":"","background-repeat":"repeat","background-position":"center center","background-size":"auto","background-attachment":"scroll","background-type":"","background-media":"","overlay-type":"","overlay-color":"","overlay-opacity":"","overlay-gradient":""},"tablet":{"background-color":"var(--ast-global-color-4)","background-image":"","background-repeat":"repeat","background-position":"center center","background-size":"auto","background-attachment":"scroll","background-type":"","background-media":"","overlay-type":"","overlay-color":"","overlay-opacity":"","overlay-gradient":""},"mobile":{"background-color":"var(--ast-global-color-4)","background-image":"","background-repeat":"repeat","background-position":"center center","background-size":"auto","background-attachment":"scroll","background-type":"","background-media":"","overlay-type":"","overlay-color":"","overlay-opacity":"","overlay-gradient":""}},"footnotes":""},"class_list":["post-168","page","type-page","status-publish","hentry"],"yoast_head":"<!-- This site is optimized with the Yoast SEO plugin v27.6 - https:\/\/yoast.com\/product\/yoast-seo-wordpress\/ -->\n<title>About Us - King Investments Global<\/title>\n<meta name=\"robots\" content=\"index, follow, max-snippet:-1, max-image-preview:large, max-video-preview:-1\" \/>\n<link rel=\"canonical\" href=\"https:\/\/kinginvestmentsglobal.us\/es\/about-us\/\" \/>\n<meta property=\"og:locale\" content=\"es_ES\" \/>\n<meta property=\"og:type\" content=\"article\" \/>\n<meta property=\"og:title\" content=\"About Us - King Investments Global\" \/>\n<meta property=\"og:description\" content=\"Firm Overview King Investments Global operates as a cross-border private capital strategy advisory serving South Texas and the Biob\u00edo Region [&hellip;]\" \/>\n<meta property=\"og:url\" content=\"https:\/\/kinginvestmentsglobal.us\/es\/about-us\/\" \/>\n<meta property=\"og:site_name\" content=\"King Investments Global\" \/>\n<meta property=\"article:modified_time\" content=\"2026-02-27T19:32:34+00:00\" \/>\n<meta name=\"twitter:card\" content=\"summary_large_image\" \/>\n<meta name=\"twitter:label1\" content=\"Tiempo estimado de lectura\" \/>\n\t<meta name=\"twitter:data1\" content=\"1 minuto\" \/>\n<script type=\"application\/ld+json\" class=\"yoast-schema-graph\">{\"@context\":\"https:\\\/\\\/schema.org\",\"@graph\":[{\"@type\":\"WebPage\",\"@id\":\"https:\\\/\\\/kinginvestmentsglobal.us\\\/about-us\\\/\",\"url\":\"https:\\\/\\\/kinginvestmentsglobal.us\\\/about-us\\\/\",\"name\":\"About Us - King Investments Global\",\"isPartOf\":{\"@id\":\"https:\\\/\\\/kinginvestmentsglobal.us\\\/#website\"},\"datePublished\":\"2026-02-24T20:24:05+00:00\",\"dateModified\":\"2026-02-27T19:32:34+00:00\",\"breadcrumb\":{\"@id\":\"https:\\\/\\\/kinginvestmentsglobal.us\\\/about-us\\\/#breadcrumb\"},\"inLanguage\":\"es-CL\",\"potentialAction\":[{\"@type\":\"ReadAction\",\"target\":[\"https:\\\/\\\/kinginvestmentsglobal.us\\\/about-us\\\/\"]}]},{\"@type\":\"BreadcrumbList\",\"@id\":\"https:\\\/\\\/kinginvestmentsglobal.us\\\/about-us\\\/#breadcrumb\",\"itemListElement\":[{\"@type\":\"ListItem\",\"position\":1,\"name\":\"Home\",\"item\":\"https:\\\/\\\/kinginvestmentsglobal.us\\\/\"},{\"@type\":\"ListItem\",\"position\":2,\"name\":\"About Us\"}]},{\"@type\":\"WebSite\",\"@id\":\"https:\\\/\\\/kinginvestmentsglobal.us\\\/#website\",\"url\":\"https:\\\/\\\/kinginvestmentsglobal.us\\\/\",\"name\":\"King Investments Global\",\"description\":\"Real Estate &amp; Investment Services \u2013 Biob\u00edo Region, Chile\",\"potentialAction\":[{\"@type\":\"SearchAction\",\"target\":{\"@type\":\"EntryPoint\",\"urlTemplate\":\"https:\\\/\\\/kinginvestmentsglobal.us\\\/?s={search_term_string}\"},\"query-input\":{\"@type\":\"PropertyValueSpecification\",\"valueRequired\":true,\"valueName\":\"search_term_string\"}}],\"inLanguage\":\"es-CL\"}]}<\/script>\n<!-- \/ Yoast SEO plugin. -->","yoast_head_json":{"title":"About Us - King Investments Global","robots":{"index":"index","follow":"follow","max-snippet":"max-snippet:-1","max-image-preview":"max-image-preview:large","max-video-preview":"max-video-preview:-1"},"canonical":"https:\/\/kinginvestmentsglobal.us\/es\/about-us\/","og_locale":"es_ES","og_type":"article","og_title":"About Us - King Investments Global","og_description":"Firm Overview King Investments Global operates as a cross-border private capital strategy advisory serving South Texas and the Biob\u00edo Region [&hellip;]","og_url":"https:\/\/kinginvestmentsglobal.us\/es\/about-us\/","og_site_name":"King Investments Global","article_modified_time":"2026-02-27T19:32:34+00:00","twitter_card":"summary_large_image","twitter_misc":{"Tiempo estimado de lectura":"1 minuto"},"schema":{"@context":"https:\/\/schema.org","@graph":[{"@type":"WebPage","@id":"https:\/\/kinginvestmentsglobal.us\/about-us\/","url":"https:\/\/kinginvestmentsglobal.us\/about-us\/","name":"About Us - King Investments Global","isPartOf":{"@id":"https:\/\/kinginvestmentsglobal.us\/#website"},"datePublished":"2026-02-24T20:24:05+00:00","dateModified":"2026-02-27T19:32:34+00:00","breadcrumb":{"@id":"https:\/\/kinginvestmentsglobal.us\/about-us\/#breadcrumb"},"inLanguage":"es-CL","potentialAction":[{"@type":"ReadAction","target":["https:\/\/kinginvestmentsglobal.us\/about-us\/"]}]},{"@type":"BreadcrumbList","@id":"https:\/\/kinginvestmentsglobal.us\/about-us\/#breadcrumb","itemListElement":[{"@type":"ListItem","position":1,"name":"Home","item":"https:\/\/kinginvestmentsglobal.us\/"},{"@type":"ListItem","position":2,"name":"About Us"}]},{"@type":"WebSite","@id":"https:\/\/kinginvestmentsglobal.us\/#website","url":"https:\/\/kinginvestmentsglobal.us\/","name":"King Investments Global","description":"Real Estate &amp; Investment Services \u2013 Biob\u00edo Region, Chile","potentialAction":[{"@type":"SearchAction","target":{"@type":"EntryPoint","urlTemplate":"https:\/\/kinginvestmentsglobal.us\/?s={search_term_string}"},"query-input":{"@type":"PropertyValueSpecification","valueRequired":true,"valueName":"search_term_string"}}],"inLanguage":"es-CL"}]}},"_links":{"self":[{"href":"https:\/\/kinginvestmentsglobal.us\/es\/wp-json\/wp\/v2\/pages\/168","targetHints":{"allow":["GET"]}}],"collection":[{"href":"https:\/\/kinginvestmentsglobal.us\/es\/wp-json\/wp\/v2\/pages"}],"about":[{"href":"https:\/\/kinginvestmentsglobal.us\/es\/wp-json\/wp\/v2\/types\/page"}],"author":[{"embeddable":true,"href":"https:\/\/kinginvestmentsglobal.us\/es\/wp-json\/wp\/v2\/users\/1"}],"replies":[{"embeddable":true,"href":"https:\/\/kinginvestmentsglobal.us\/es\/wp-json\/wp\/v2\/comments?post=168"}],"version-history":[{"count":6,"href":"https:\/\/kinginvestmentsglobal.us\/es\/wp-json\/wp\/v2\/pages\/168\/revisions"}],"predecessor-version":[{"id":263,"href":"https:\/\/kinginvestmentsglobal.us\/es\/wp-json\/wp\/v2\/pages\/168\/revisions\/263"}],"wp:attachment":[{"href":"https:\/\/kinginvestmentsglobal.us\/es\/wp-json\/wp\/v2\/media?parent=168"}],"curies":[{"name":"wp","href":"https:\/\/api.w.org\/{rel}","templated":true}]}}