{"id":169,"date":"2026-02-24T15:19:31","date_gmt":"2026-02-24T18:19:31","guid":{"rendered":"https:\/\/kinginvestmentsglobal.us\/?page_id=169"},"modified":"2026-02-27T15:34:48","modified_gmt":"2026-02-27T18:34:48","slug":"u-s-investment-services","status":"publish","type":"page","link":"https:\/\/kinginvestmentsglobal.us\/es\/u-s-investment-services\/","title":{"rendered":"Contacto"},"content":{"rendered":"<h2 class=\"wp-block-heading\">Consulta sobre capital privado<\/h2>\n\n\n\n<p>King Investments Global ofrece asesor\u00eda transfronteriza entre el sur de Texas y la regi\u00f3n del Biob\u00edo en Chile. Los posibles inversionistas y socios estrat\u00e9gicos pueden enviar una consulta a trav\u00e9s del siguiente formulario para iniciar una conversaci\u00f3n bilateral sobre capital.<\/p>\n\n\n\n<p>Correo electr\u00f3nico:<\/p>\n\n\n\n<p>Info@KingInvestmentsGlobal.us <\/p>\n\n\n\n<p>Estados Unidos<\/p>\n\n\n\n<p>+1 (956) 660-0913<\/p>\n\n\n\n<p>Chile<\/p>\n\n\n\n<p> +56 9 5031 4459<\/p>","protected":false},"excerpt":{"rendered":"<p>Private Capital Inquiry King Investments Global provides cross-border advisory between South Texas and the Biob\u00edo Region of Chile. Prospective investors [&hellip;]<\/p>\n","protected":false},"author":1,"featured_media":0,"parent":0,"menu_order":0,"comment_status":"closed","ping_status":"closed","template":"","meta":{"site-sidebar-layout":"default","site-content-layout":"","ast-site-content-layout":"default","site-content-style":"default","site-sidebar-style":"default","ast-global-header-display":"","ast-banner-title-visibility":"","ast-main-header-display":"","ast-hfb-above-header-display":"","ast-hfb-below-header-display":"","ast-hfb-mobile-header-display":"","site-post-title":"disabled","ast-breadcrumbs-content":"","ast-featured-img":"","footer-sml-layout":"","ast-disable-related-posts":"","theme-transparent-header-meta":"","adv-header-id-meta":"","stick-header-meta":"","header-above-stick-meta":"","header-main-stick-meta":"","header-below-stick-meta":"","astra-migrate-meta-layouts":"default","ast-page-background-enabled":"default","ast-page-background-meta":{"desktop":{"background-color":"var(--ast-global-color-5)","background-image":"","background-repeat":"repeat","background-position":"center center","background-size":"auto","background-attachment":"scroll","background-type":"","background-media":"","overlay-type":"","overlay-color":"","overlay-opacity":"","overlay-gradient":""},"tablet":{"background-color":"","background-image":"","background-repeat":"repeat","background-position":"center center","background-size":"auto","background-attachment":"scroll","background-type":"","background-media":"","overlay-type":"","overlay-color":"","overlay-opacity":"","overlay-gradient":""},"mobile":{"background-color":"","background-image":"","background-repeat":"repeat","background-position":"center center","background-size":"auto","background-attachment":"scroll","background-type":"","background-media":"","overlay-type":"","overlay-color":"","overlay-opacity":"","overlay-gradient":""}},"ast-content-background-meta":{"desktop":{"background-color":"var(--ast-global-color-4)","background-image":"","background-repeat":"repeat","background-position":"center center","background-size":"auto","background-attachment":"scroll","background-type":"","background-media":"","overlay-type":"","overlay-color":"","overlay-opacity":"","overlay-gradient":""},"tablet":{"background-color":"var(--ast-global-color-4)","background-image":"","background-repeat":"repeat","background-position":"center center","background-size":"auto","background-attachment":"scroll","background-type":"","background-media":"","overlay-type":"","overlay-color":"","overlay-opacity":"","overlay-gradient":""},"mobile":{"background-color":"var(--ast-global-color-4)","background-image":"","background-repeat":"repeat","background-position":"center center","background-size":"auto","background-attachment":"scroll","background-type":"","background-media":"","overlay-type":"","overlay-color":"","overlay-opacity":"","overlay-gradient":""}},"footnotes":""},"class_list":["post-169","page","type-page","status-publish","hentry"],"yoast_head":"<!-- This site is optimized with the Yoast SEO plugin v27.6 - https:\/\/yoast.com\/product\/yoast-seo-wordpress\/ -->\n<title>Contact - King Investments Global<\/title>\n<meta name=\"robots\" content=\"index, follow, max-snippet:-1, max-image-preview:large, max-video-preview:-1\" \/>\n<link rel=\"canonical\" href=\"https:\/\/kinginvestmentsglobal.us\/es\/u-s-investment-services\/\" \/>\n<meta property=\"og:locale\" content=\"es_ES\" \/>\n<meta property=\"og:type\" content=\"article\" \/>\n<meta property=\"og:title\" content=\"Contact - King Investments Global\" \/>\n<meta property=\"og:description\" content=\"Private Capital Inquiry King Investments Global provides cross-border advisory between South Texas and the Biob\u00edo Region of Chile. Prospective investors [&hellip;]\" \/>\n<meta property=\"og:url\" content=\"https:\/\/kinginvestmentsglobal.us\/es\/u-s-investment-services\/\" \/>\n<meta property=\"og:site_name\" content=\"King Investments Global\" \/>\n<meta property=\"article:modified_time\" content=\"2026-02-27T18:34:48+00:00\" \/>\n<meta name=\"twitter:card\" content=\"summary_large_image\" \/>\n<meta name=\"twitter:label1\" content=\"Tiempo estimado de lectura\" \/>\n\t<meta name=\"twitter:data1\" content=\"1 minuto\" \/>\n<script type=\"application\/ld+json\" class=\"yoast-schema-graph\">{\"@context\":\"https:\\\/\\\/schema.org\",\"@graph\":[{\"@type\":\"WebPage\",\"@id\":\"https:\\\/\\\/kinginvestmentsglobal.us\\\/u-s-investment-services\\\/\",\"url\":\"https:\\\/\\\/kinginvestmentsglobal.us\\\/u-s-investment-services\\\/\",\"name\":\"Contact - King Investments Global\",\"isPartOf\":{\"@id\":\"https:\\\/\\\/kinginvestmentsglobal.us\\\/#website\"},\"datePublished\":\"2026-02-24T18:19:31+00:00\",\"dateModified\":\"2026-02-27T18:34:48+00:00\",\"breadcrumb\":{\"@id\":\"https:\\\/\\\/kinginvestmentsglobal.us\\\/u-s-investment-services\\\/#breadcrumb\"},\"inLanguage\":\"es-CL\",\"potentialAction\":[{\"@type\":\"ReadAction\",\"target\":[\"https:\\\/\\\/kinginvestmentsglobal.us\\\/u-s-investment-services\\\/\"]}]},{\"@type\":\"BreadcrumbList\",\"@id\":\"https:\\\/\\\/kinginvestmentsglobal.us\\\/u-s-investment-services\\\/#breadcrumb\",\"itemListElement\":[{\"@type\":\"ListItem\",\"position\":1,\"name\":\"Home\",\"item\":\"https:\\\/\\\/kinginvestmentsglobal.us\\\/\"},{\"@type\":\"ListItem\",\"position\":2,\"name\":\"Contact\"}]},{\"@type\":\"WebSite\",\"@id\":\"https:\\\/\\\/kinginvestmentsglobal.us\\\/#website\",\"url\":\"https:\\\/\\\/kinginvestmentsglobal.us\\\/\",\"name\":\"King Investments Global\",\"description\":\"Real Estate &amp; Investment Services \u2013 Biob\u00edo Region, Chile\",\"potentialAction\":[{\"@type\":\"SearchAction\",\"target\":{\"@type\":\"EntryPoint\",\"urlTemplate\":\"https:\\\/\\\/kinginvestmentsglobal.us\\\/?s={search_term_string}\"},\"query-input\":{\"@type\":\"PropertyValueSpecification\",\"valueRequired\":true,\"valueName\":\"search_term_string\"}}],\"inLanguage\":\"es-CL\"}]}<\/script>\n<!-- \/ Yoast SEO plugin. -->","yoast_head_json":{"title":"Contact - King Investments Global","robots":{"index":"index","follow":"follow","max-snippet":"max-snippet:-1","max-image-preview":"max-image-preview:large","max-video-preview":"max-video-preview:-1"},"canonical":"https:\/\/kinginvestmentsglobal.us\/es\/u-s-investment-services\/","og_locale":"es_ES","og_type":"article","og_title":"Contact - King Investments Global","og_description":"Private Capital Inquiry King Investments Global provides cross-border advisory between South Texas and the Biob\u00edo Region of Chile. Prospective investors [&hellip;]","og_url":"https:\/\/kinginvestmentsglobal.us\/es\/u-s-investment-services\/","og_site_name":"King Investments Global","article_modified_time":"2026-02-27T18:34:48+00:00","twitter_card":"summary_large_image","twitter_misc":{"Tiempo estimado de lectura":"1 minuto"},"schema":{"@context":"https:\/\/schema.org","@graph":[{"@type":"WebPage","@id":"https:\/\/kinginvestmentsglobal.us\/u-s-investment-services\/","url":"https:\/\/kinginvestmentsglobal.us\/u-s-investment-services\/","name":"Contact - King Investments Global","isPartOf":{"@id":"https:\/\/kinginvestmentsglobal.us\/#website"},"datePublished":"2026-02-24T18:19:31+00:00","dateModified":"2026-02-27T18:34:48+00:00","breadcrumb":{"@id":"https:\/\/kinginvestmentsglobal.us\/u-s-investment-services\/#breadcrumb"},"inLanguage":"es-CL","potentialAction":[{"@type":"ReadAction","target":["https:\/\/kinginvestmentsglobal.us\/u-s-investment-services\/"]}]},{"@type":"BreadcrumbList","@id":"https:\/\/kinginvestmentsglobal.us\/u-s-investment-services\/#breadcrumb","itemListElement":[{"@type":"ListItem","position":1,"name":"Home","item":"https:\/\/kinginvestmentsglobal.us\/"},{"@type":"ListItem","position":2,"name":"Contact"}]},{"@type":"WebSite","@id":"https:\/\/kinginvestmentsglobal.us\/#website","url":"https:\/\/kinginvestmentsglobal.us\/","name":"King Investments Global","description":"Real Estate &amp; Investment Services \u2013 Biob\u00edo Region, Chile","potentialAction":[{"@type":"SearchAction","target":{"@type":"EntryPoint","urlTemplate":"https:\/\/kinginvestmentsglobal.us\/?s={search_term_string}"},"query-input":{"@type":"PropertyValueSpecification","valueRequired":true,"valueName":"search_term_string"}}],"inLanguage":"es-CL"}]}},"_links":{"self":[{"href":"https:\/\/kinginvestmentsglobal.us\/es\/wp-json\/wp\/v2\/pages\/169","targetHints":{"allow":["GET"]}}],"collection":[{"href":"https:\/\/kinginvestmentsglobal.us\/es\/wp-json\/wp\/v2\/pages"}],"about":[{"href":"https:\/\/kinginvestmentsglobal.us\/es\/wp-json\/wp\/v2\/types\/page"}],"author":[{"embeddable":true,"href":"https:\/\/kinginvestmentsglobal.us\/es\/wp-json\/wp\/v2\/users\/1"}],"replies":[{"embeddable":true,"href":"https:\/\/kinginvestmentsglobal.us\/es\/wp-json\/wp\/v2\/comments?post=169"}],"version-history":[{"count":6,"href":"https:\/\/kinginvestmentsglobal.us\/es\/wp-json\/wp\/v2\/pages\/169\/revisions"}],"predecessor-version":[{"id":267,"href":"https:\/\/kinginvestmentsglobal.us\/es\/wp-json\/wp\/v2\/pages\/169\/revisions\/267"}],"wp:attachment":[{"href":"https:\/\/kinginvestmentsglobal.us\/es\/wp-json\/wp\/v2\/media?parent=169"}],"curies":[{"name":"wp","href":"https:\/\/api.w.org\/{rel}","templated":true}]}}